{"id":3862,"date":"2025-05-27T09:05:00","date_gmt":"2025-05-27T08:05:00","guid":{"rendered":"https:\/\/66.ljubljanajazz.si\/?page_id=3862"},"modified":"2025-06-05T20:59:18","modified_gmt":"2025-06-05T19:59:18","slug":"editorial","status":"publish","type":"page","link":"https:\/\/66.ljubljanajazz.si\/en\/editorial\/","title":{"rendered":"Editorial"},"content":{"rendered":"\r\n<blockquote class=\"wp-block-quote is-layout-flow wp-block-quote-is-layout-flow\">\r\n<p><em>God gave Noah the rainbow sign,<\/em><br \/><em>No more water, the fire next time!<\/em><\/p>\r\n<\/blockquote>\r\n\r\n\r\n\r\n<p>With this biblical allusion, the great African American writer and essayist James Baldwin, whose centenary of birth was celebrated last year, concludes his essay <em>The Fire Next Time<\/em>. It is a personal, passionate, and eloquent reflection on the consequences of both hidden and overt racism, on the socially conditioned individual identity, and on the collective responsibility for adopting religious or ideological dogmas. Baldwin\u2019s voice articulated and galvanized ideas during the boiling point of the 1960s civil rights movements.<\/p>\r\n\r\n\r\n\r\n<p>It seems the world found itself at a boiling point once again, and Baldwin\u2019s bitterly honest confession, testament, sermon, and warning all at once \u2013 addresses us with timeless urgency.<\/p>\r\n\r\n\r\n\r\n<p>With this same urgency, <strong>Meshell Ndegeocello<\/strong> summons passages from Baldwin\u2019s relentless social critique through a thundering bass attack and a contemporary gospel-infused organ backdrop. It is an urgency found in the lucid expression of <strong>C\u00e9cile McLorin Salvant<\/strong>, who bears the beauty and the burden of the past with unbearable lightness. It is the urgency of (re)action, with which <strong>Tarbaby<\/strong> address the challenges of contemporary American society, accentuated by the deeply haunting testimony of doyen <strong>David Murray<\/strong>, who has been there and done that. That is the necessity for rhetorical figures and bravuras of <strong>aja monet<\/strong>, flowing like rapids into a waterfall of words, shrouded in romantic haze. It is <strong>Brandee Younger\u2019s<\/strong> uncompromising and untamed traversal between genres. It is <em>uNomkhubulwane <\/em>\u2013 the Zulu goddess from the spiritual mantras of <strong>Nduduzo Makhathini<\/strong>, invoked in a plea for the manifestation of a future in spiritual and societal balance. It is the urgency for a new social order, constituted by the collectives of <strong>Asher Gamedze<\/strong>. And it lies in the rich multicultural textures and meanings explored by the rising stars of British jazz, <strong>Flock<\/strong> and <strong>Yazz Ahmed<\/strong>.<\/p>\r\n\r\n\r\n\r\n<p>This same urgency pulses through the creativity of this year\u2019s artist-in-residence, <strong>Bo\u0161tjan Simon<\/strong>, who enacts his musical ideas through collective exploration, and it resonates as well in <strong>Fresh Dust\u2019s<\/strong> aspiration to cultivate meaningful international collaborations. With the uninhibited force of necessity that drives the younger generation of jazz artists, the circle is complete.<\/p>\r\n\r\n\r\n\r\n<p><strong>This year\u2019s festival line-up thus calls for an urgent reflection on collective action, heightened awareness, and a shared sense of responsibility for an attuned future.<\/strong><\/p>\r\n\r\n\r\n\r\n<p>\u2014 Tina Le\u0161ni\u010dar, Borja Mo\u010dnik<\/p>\r\n","protected":false},"excerpt":{"rendered":"<p>God gave Noah the rainbow sign,No more water, the fire next time! With this biblical allusion, the great African American writer and essayist James Baldwin, whose centenary of birth was&hellip;<\/p>\n","protected":false},"author":3,"featured_media":0,"parent":0,"menu_order":0,"comment_status":"closed","ping_status":"closed","template":"","meta":{"footnotes":""},"class_list":["post-3862","page","type-page","status-publish","hentry"],"_links":{"self":[{"href":"https:\/\/66.ljubljanajazz.si\/en\/wp-json\/wp\/v2\/pages\/3862","targetHints":{"allow":["GET"]}}],"collection":[{"href":"https:\/\/66.ljubljanajazz.si\/en\/wp-json\/wp\/v2\/pages"}],"about":[{"href":"https:\/\/66.ljubljanajazz.si\/en\/wp-json\/wp\/v2\/types\/page"}],"author":[{"embeddable":true,"href":"https:\/\/66.ljubljanajazz.si\/en\/wp-json\/wp\/v2\/users\/3"}],"replies":[{"embeddable":true,"href":"https:\/\/66.ljubljanajazz.si\/en\/wp-json\/wp\/v2\/comments?post=3862"}],"version-history":[{"count":3,"href":"https:\/\/66.ljubljanajazz.si\/en\/wp-json\/wp\/v2\/pages\/3862\/revisions"}],"predecessor-version":[{"id":3978,"href":"https:\/\/66.ljubljanajazz.si\/en\/wp-json\/wp\/v2\/pages\/3862\/revisions\/3978"}],"wp:attachment":[{"href":"https:\/\/66.ljubljanajazz.si\/en\/wp-json\/wp\/v2\/media?parent=3862"}],"curies":[{"name":"wp","href":"https:\/\/api.w.org\/{rel}","templated":true}]}}